{"id":1388,"date":"2020-11-25T14:16:37","date_gmt":"2020-11-25T13:16:37","guid":{"rendered":"https:\/\/www.euroauto.si\/?page_id=1388"},"modified":"2026-02-05T11:52:13","modified_gmt":"2026-02-05T10:52:13","slug":"odibi","status":"publish","type":"page","link":"https:\/\/www.euroauto.si\/?page_id=1388","title":{"rendered":"ODIBI"},"content":{"rendered":"<div class=\"wp-block-image\">\n<figure class=\"aligncenter size-large\"><img loading=\"lazy\" decoding=\"async\" width=\"250\" height=\"200\" src=\"https:\/\/www.euroauto.si\/wp-content\/uploads\/2020\/06\/odibi_1.png\" alt=\"\" class=\"wp-image-1273\"\/><\/figure>\n<\/div>\n\n\n<p>Z varnostno opremo poslujejo \u017ee ve\u010d kot 40 let. Vsa leta teh izku\u0161enj so usmerili v blagovno znamko <strong>Orma<\/strong>, ki temelji na inovacijah in nenehnih raziskavah, namenjenih zagotavljanju udobja in za\u0161\u010dite.<br>Ponujajo ve\u010d kot 10.000 izdelkov za varstvo pri delu. Njihovi produkti:<\/p>\n\n\n\n<ul class=\"wp-block-list\">\n<li> za\u0161\u010dita za roke<\/li>\n\n\n\n<li> varna obutev<\/li>\n\n\n\n<li>za\u0161\u010dita pred padci<\/li>\n\n\n\n<li>za\u0161\u010dita dihal<\/li>\n\n\n\n<li>za\u0161\u010dita za o\u010di in glavo<\/li>\n\n\n\n<li>za\u0161\u010dita sluha<\/li>\n\n\n\n<li>za\u0161\u010ditna obleka<\/li>\n\n\n\n<li>gradnja in prva pomo\u010d<\/li>\n<\/ul>\n\n\n\n<p><br>Podjetje ima dolgoletne izku\u0161nje, eno najbolj zalo\u017eenih skladi\u0161\u010d in finan\u010dno stabilnost. Z grajenjem odnosov s strankami, so postali eno najbolj trdnih in strukturiranih podjetij na podro\u010dju varnostne opreme. Vsa njihova varnostna oprema je testirana v italijanskih laboratorijih. Testiranja se redno ponavlja, da se lahko strankam vedno zagotovi visoko kakovost.<br><\/p>\n\n\n\n<p>Izklju\u010dno distribuirane blagovne znamke:<\/p>\n\n\n\n<ul class=\"wp-block-list\">\n<li>Orma<\/li>\n\n\n\n<li>Vertiqual<\/li>\n\n\n\n<li>Ikar<\/li>\n\n\n\n<li>Kimberly in Clark<\/li>\n\n\n\n<li>Airtox<\/li>\n<\/ul>\n\n\n\n<p><strong>Ostale komercialne znamke:<\/strong><\/p>\n\n\n\n<ul class=\"wp-block-list\">\n<li>Ansell<\/li>\n\n\n\n<li>3M<\/li>\n\n\n\n<li>Dupont<\/li>\n\n\n\n<li>Honeywell<\/li>\n\n\n\n<li>Infield Safety<\/li>\n<\/ul>\n\n\n\n<p><\/p>\n","protected":false},"excerpt":{"rendered":"<p>Z varnostno opremo poslujejo \u017ee ve\u010d kot 40 let. Vsa leta teh izku\u0161enj so usmerili v blagovno znamko Orma, ki temelji na inovacijah in nenehnih raziskavah, namenjenih zagotavljanju udobja in za\u0161\u010dite.Ponujajo ve\u010d kot 10.000 izdelkov za varstvo pri delu. Njihovi produkti: Podjetje ima dolgoletne izku\u0161nje, eno najbolj zalo\u017eenih skladi\u0161\u010d in finan\u010dno stabilnost. Z grajenjem odnosov [&hellip;]<\/p>\n","protected":false},"author":1,"featured_media":0,"parent":0,"menu_order":0,"comment_status":"closed","ping_status":"closed","template":"","meta":{"footnotes":""},"class_list":["post-1388","page","type-page","status-publish","hentry"],"_links":{"self":[{"href":"https:\/\/www.euroauto.si\/index.php?rest_route=\/wp\/v2\/pages\/1388","targetHints":{"allow":["GET"]}}],"collection":[{"href":"https:\/\/www.euroauto.si\/index.php?rest_route=\/wp\/v2\/pages"}],"about":[{"href":"https:\/\/www.euroauto.si\/index.php?rest_route=\/wp\/v2\/types\/page"}],"author":[{"embeddable":true,"href":"https:\/\/www.euroauto.si\/index.php?rest_route=\/wp\/v2\/users\/1"}],"replies":[{"embeddable":true,"href":"https:\/\/www.euroauto.si\/index.php?rest_route=%2Fwp%2Fv2%2Fcomments&post=1388"}],"version-history":[{"count":4,"href":"https:\/\/www.euroauto.si\/index.php?rest_route=\/wp\/v2\/pages\/1388\/revisions"}],"predecessor-version":[{"id":2103,"href":"https:\/\/www.euroauto.si\/index.php?rest_route=\/wp\/v2\/pages\/1388\/revisions\/2103"}],"wp:attachment":[{"href":"https:\/\/www.euroauto.si\/index.php?rest_route=%2Fwp%2Fv2%2Fmedia&parent=1388"}],"curies":[{"name":"wp","href":"https:\/\/api.w.org\/{rel}","templated":true}]}}