{"id":1402,"date":"2020-11-26T17:45:52","date_gmt":"2020-11-26T16:45:52","guid":{"rendered":"https:\/\/www.euroauto.si\/?page_id=1402"},"modified":"2021-11-18T10:45:28","modified_gmt":"2021-11-18T09:45:28","slug":"fabbri","status":"publish","type":"page","link":"https:\/\/www.euroauto.si\/?page_id=1402","title":{"rendered":"FABBRI"},"content":{"rendered":"\n<p><\/p>\n\n\n\n<div class=\"wp-block-image\"><figure class=\"aligncenter\"><img loading=\"lazy\" decoding=\"async\" width=\"171\" height=\"127\" src=\"https:\/\/www.euroauto.si\/wp-content\/uploads\/2020\/11\/header-fabbri-logo-copy.png\" alt=\"\" class=\"wp-image-1403\"\/><\/figure><\/div>\n\n\n\n<p>Avtomobilska oprema izdelana v Italiji. Proizvodnja dodatkov za avtomobile in komercialna vozila za prevoz koles, nosilci za smu\u010dke, stre\u0161ne palice, separatorji za pse, stre\u0161ni kov\u010dki. Paleta izdelkov z inovativnimi in robustnimi re\u0161itvami pokriva vse potrebe avtomobilov in komercialnih vozil. Mo\u017ene so razli\u010dne vrste instalacij, ki omogo\u010dajo prilagajanje izdelkov razli\u010dnim prevoznim potrebam na razli\u010dnih vozilih:<\/p>\n\n\n\n<ul class=\"wp-block-list\"><li>nosilci za kolesa\n<ul>\n<li>nosilci za kolesa za prtlja\u017ena vrata<\/li>\n<\/ul>\n<ul>\n<li>nosilci za kolesa za avtomobile z vle\u010dno kljuko<\/li>\n<\/ul>\n<ul>\n<li>stre\u0161ni nosilci za kolesa<\/li>\n<\/ul>\n<ul>\n<li>nosilci za kolesa za avte z rezervnim kolesom na prtlja\u017enih vratih<\/li>\n<\/ul>\n<\/li><\/ul>\n\n\n\n<ul class=\"wp-block-list\"><li>nosilci za smu\u010di in sne\u017ene deske\n<ul>\n<li>za avtomobile z vle\u010dno kljuko<\/li>\n<\/ul>\n<ul>\n<li>za avtomobile z rezervnim kolesom<\/li>\n<\/ul>\n<ul>\n<li>magnetni nosilci<\/li>\n<\/ul>\n<ul>\n<li>stre\u0161ni nosilci<\/li>\n<\/ul>\n<\/li><\/ul>\n\n\n\n<p>Za kakovost izdelkov, ki so strogo izdelani v Italiji, je zagotovljeno s certifikatom ISO 9001:2008.<\/p>\n\n\n\n<div class=\"wp-block-buttons is-layout-flex wp-block-buttons-is-layout-flex\">\n<div class=\"wp-block-button is-style-outline is-style-outline--1\"><a class=\"wp-block-button__link\" href=\"https:\/\/www.fabbri.info\/\" style=\"border-radius:10px\" target=\"_blank\" rel=\"noreferrer noopener\">SPLETNA STRAN PARTNERJA<\/a><\/div>\n<\/div>\n","protected":false},"excerpt":{"rendered":"<p>Avtomobilska oprema izdelana v Italiji. Proizvodnja dodatkov za avtomobile in komercialna vozila za prevoz koles, nosilci za smu\u010dke, stre\u0161ne palice, separatorji za pse, stre\u0161ni kov\u010dki. Paleta izdelkov z inovativnimi in robustnimi re\u0161itvami pokriva vse potrebe avtomobilov in komercialnih vozil. Mo\u017ene so razli\u010dne vrste instalacij, ki omogo\u010dajo prilagajanje izdelkov razli\u010dnim prevoznim potrebam na razli\u010dnih vozilih: nosilci [&hellip;]<\/p>\n","protected":false},"author":1,"featured_media":0,"parent":0,"menu_order":0,"comment_status":"closed","ping_status":"closed","template":"","meta":{"footnotes":""},"class_list":["post-1402","page","type-page","status-publish","hentry"],"_links":{"self":[{"href":"https:\/\/www.euroauto.si\/index.php?rest_route=\/wp\/v2\/pages\/1402","targetHints":{"allow":["GET"]}}],"collection":[{"href":"https:\/\/www.euroauto.si\/index.php?rest_route=\/wp\/v2\/pages"}],"about":[{"href":"https:\/\/www.euroauto.si\/index.php?rest_route=\/wp\/v2\/types\/page"}],"author":[{"embeddable":true,"href":"https:\/\/www.euroauto.si\/index.php?rest_route=\/wp\/v2\/users\/1"}],"replies":[{"embeddable":true,"href":"https:\/\/www.euroauto.si\/index.php?rest_route=%2Fwp%2Fv2%2Fcomments&post=1402"}],"version-history":[{"count":22,"href":"https:\/\/www.euroauto.si\/index.php?rest_route=\/wp\/v2\/pages\/1402\/revisions"}],"predecessor-version":[{"id":1607,"href":"https:\/\/www.euroauto.si\/index.php?rest_route=\/wp\/v2\/pages\/1402\/revisions\/1607"}],"wp:attachment":[{"href":"https:\/\/www.euroauto.si\/index.php?rest_route=%2Fwp%2Fv2%2Fmedia&parent=1402"}],"curies":[{"name":"wp","href":"https:\/\/api.w.org\/{rel}","templated":true}]}}