{"id":1453,"date":"2020-12-10T14:26:09","date_gmt":"2020-12-10T13:26:09","guid":{"rendered":"https:\/\/www.euroauto.si\/?page_id=1453"},"modified":"2021-02-22T12:40:13","modified_gmt":"2021-02-22T11:40:13","slug":"ria-world-italia","status":"publish","type":"page","link":"https:\/\/www.euroauto.si\/?page_id=1453","title":{"rendered":"RIA WORLD ITALIA"},"content":{"rendered":"\n<p>Ria World Italia srl \u200b\u200bponuja celotno paleto izdelkov za avtomobilsko razsvetljavo in druge dodatke, namenjene voznikom.<br>Vsi produkti so testirani v podjetju, z namenom, da se strankam zagotovi najve\u010djo kvaliteto in zanesljivost.<br>Ria World Italia spodbuja k nenehnemu iskanju novih svetlobnih tehnologij, ki bodo kon\u010dnemu kupcu omogo\u010dile bolj\u0161o vidljivost s sodobnim videzom, ki temelji na novih svetovnih trendih.<br>Izdelki vklju\u010dujejo klasi\u010dne \u017earnice z \u017earilno nitko, jod-ksenonske \u017earnice, super bele \u017earnice, LED-diode razli\u010dnih modelov, canbus, du\u0161ilke, predstikalne naprave OEM, delovne \u017earomete, Led rotacijske svetilke, \u00bbangel eye\u00ab lu\u010di, led svetilke registrske tablice, ksenonski kompleti,<br>led trakovi, delovne svetilke, mini \u00bbboosterje\u00ab, led logotip, senzorji za vzvratno vo\u017enjo in kamere, \u017earnice za kabinske lu\u010di, razli\u010dne konektorje za \u017earnice, varovalke razli\u010dnih vrst.<\/p>\n\n\n\n<div class=\"wp-block-columns is-layout-flex wp-container-core-columns-is-layout-9d6595d7 wp-block-columns-is-layout-flex\"><\/div>\n\n\n\n<p><\/p>\n","protected":false},"excerpt":{"rendered":"<p>Ria World Italia srl \u200b\u200bponuja celotno paleto izdelkov za avtomobilsko razsvetljavo in druge dodatke, namenjene voznikom.Vsi produkti so testirani v podjetju, z namenom, da se strankam zagotovi najve\u010djo kvaliteto in zanesljivost.Ria World Italia spodbuja k nenehnemu iskanju novih svetlobnih tehnologij, ki bodo kon\u010dnemu kupcu omogo\u010dile bolj\u0161o vidljivost s sodobnim videzom, ki temelji na novih svetovnih [&hellip;]<\/p>\n","protected":false},"author":1,"featured_media":1463,"parent":0,"menu_order":0,"comment_status":"closed","ping_status":"closed","template":"","meta":{"footnotes":""},"class_list":["post-1453","page","type-page","status-publish","has-post-thumbnail","hentry"],"_links":{"self":[{"href":"https:\/\/www.euroauto.si\/index.php?rest_route=\/wp\/v2\/pages\/1453","targetHints":{"allow":["GET"]}}],"collection":[{"href":"https:\/\/www.euroauto.si\/index.php?rest_route=\/wp\/v2\/pages"}],"about":[{"href":"https:\/\/www.euroauto.si\/index.php?rest_route=\/wp\/v2\/types\/page"}],"author":[{"embeddable":true,"href":"https:\/\/www.euroauto.si\/index.php?rest_route=\/wp\/v2\/users\/1"}],"replies":[{"embeddable":true,"href":"https:\/\/www.euroauto.si\/index.php?rest_route=%2Fwp%2Fv2%2Fcomments&post=1453"}],"version-history":[{"count":10,"href":"https:\/\/www.euroauto.si\/index.php?rest_route=\/wp\/v2\/pages\/1453\/revisions"}],"predecessor-version":[{"id":1499,"href":"https:\/\/www.euroauto.si\/index.php?rest_route=\/wp\/v2\/pages\/1453\/revisions\/1499"}],"wp:featuredmedia":[{"embeddable":true,"href":"https:\/\/www.euroauto.si\/index.php?rest_route=\/wp\/v2\/media\/1463"}],"wp:attachment":[{"href":"https:\/\/www.euroauto.si\/index.php?rest_route=%2Fwp%2Fv2%2Fmedia&parent=1453"}],"curies":[{"name":"wp","href":"https:\/\/api.w.org\/{rel}","templated":true}]}}