{"id":2117,"date":"2026-02-09T18:30:29","date_gmt":"2026-02-09T17:30:29","guid":{"rendered":"https:\/\/www.euroauto.si\/?page_id=2117"},"modified":"2026-02-09T18:47:33","modified_gmt":"2026-02-09T17:47:33","slug":"magna-tyres","status":"publish","type":"page","link":"https:\/\/www.euroauto.si\/?page_id=2117","title":{"rendered":"MAGNA TYRES"},"content":{"rendered":"\n<figure class=\"wp-block-image size-full\"><a href=\"https:\/\/www.euroauto.si\/wp-content\/uploads\/2022\/12\/Logo-Magna-Tyres-Group-flat.png\"><img loading=\"lazy\" decoding=\"async\" width=\"992\" height=\"333\" src=\"https:\/\/www.euroauto.si\/wp-content\/uploads\/2022\/12\/Logo-Magna-Tyres-Group-flat.png\" alt=\"magna tyres\" class=\"wp-image-1775\" srcset=\"https:\/\/www.euroauto.si\/wp-content\/uploads\/2022\/12\/Logo-Magna-Tyres-Group-flat.png 992w, https:\/\/www.euroauto.si\/wp-content\/uploads\/2022\/12\/Logo-Magna-Tyres-Group-flat-300x101.png 300w, https:\/\/www.euroauto.si\/wp-content\/uploads\/2022\/12\/Logo-Magna-Tyres-Group-flat-768x258.png 768w\" sizes=\"auto, (max-width: 992px) 100vw, 992px\" \/><\/a><\/figure>\n\n\n\n<p>Magna Tyres je mednarodno dru\u017einsko podjetje s sede\u017eem na Nizozemskem, specializirano za razvoj in proizvodnjo visokokakovostnih pnevmatik za te\u017eke in industrijske aplikacije. Od ustanovitve leta 2006 se je iz ponudnika gumene zmesi razvilo v enega najhitreje rasto\u010dih proizvajalcev pnevmatik za terenska in industrijska vozila (OTR \u2013 Off-The-Road), danes pa s \u0161iroko mre\u017eo prodajnih pisarn in partnerjev deluje v ve\u010d kot 100 dr\u017eavah po svetu. Njihovo poslanstvo je uporabnikom ponuditi zanesljive pnevmatike, ki optimizirajo stro\u0161ek na delovno uro, ne da bi pri tem sklepali kompromise pri kakovosti.<\/p>\n\n\n\n<p>Podjetje ponuja celovit program pnevmatik za gradbeni\u0161tvo, rudarstvo, pristani\u0161\u010da in terminale, industrijo, kmetijstvo ter za tovorna vozila na zahtevnih terenih. V ponudbi so radialne in diagonalne OTR-pnevmatike, pnevmatike za nakladalce, dumperje, mobilne \u017eerjave, terminalske vla\u010dilce, stroje za ravnanje z materialom in podzemno rudarjenje, kot tudi specialne re\u0161itve za zimske in druge ekstremne pogoje. S stalnim razvojem novih profilov in dimenzij se Magna Tyres prilagaja specifi\u010dnim zahtevam kon\u010dnih uporabnikov in proizvajalcev opreme (OEM).<\/p>\n\n\n\n<p>Magna Tyres gradi svoj pristop na vrednotah pro\u017enosti, osredoto\u010denosti na ljudi in dobrem razmerju med kakovostjo in ceno. Kot dru\u017einsko podjetje daje velik poudarek hitremu odlo\u010danju, kratkim komunikacijskim potem in tesnemu sodelovanju z uporabniki na terenu, kar jim omogo\u010da hitro odzivnost in zanesljive dobavne roke. Cilj podjetja je ostati eden vodilnih dobaviteljev t. i. drugega cenovnega razreda OTR-pnevmatik, ki po kakovosti konkurirajo premijskim blagovnim znamkam, hkrati pa uporabnikom prina\u0161ajo opazne prihranke pri obratovalnih stro\u0161kih.<\/p>\n","protected":false},"excerpt":{"rendered":"<p>Magna Tyres je mednarodno dru\u017einsko podjetje s sede\u017eem na Nizozemskem, specializirano za razvoj in proizvodnjo visokokakovostnih pnevmatik za te\u017eke in industrijske aplikacije. Od ustanovitve leta 2006 se je iz ponudnika gumene zmesi razvilo v enega najhitreje rasto\u010dih proizvajalcev pnevmatik za terenska in industrijska vozila (OTR \u2013 Off-The-Road), danes pa s \u0161iroko mre\u017eo prodajnih pisarn in [&hellip;]<\/p>\n","protected":false},"author":1,"featured_media":0,"parent":0,"menu_order":0,"comment_status":"closed","ping_status":"closed","template":"","meta":{"footnotes":""},"class_list":["post-2117","page","type-page","status-publish","hentry"],"_links":{"self":[{"href":"https:\/\/www.euroauto.si\/index.php?rest_route=\/wp\/v2\/pages\/2117","targetHints":{"allow":["GET"]}}],"collection":[{"href":"https:\/\/www.euroauto.si\/index.php?rest_route=\/wp\/v2\/pages"}],"about":[{"href":"https:\/\/www.euroauto.si\/index.php?rest_route=\/wp\/v2\/types\/page"}],"author":[{"embeddable":true,"href":"https:\/\/www.euroauto.si\/index.php?rest_route=\/wp\/v2\/users\/1"}],"replies":[{"embeddable":true,"href":"https:\/\/www.euroauto.si\/index.php?rest_route=%2Fwp%2Fv2%2Fcomments&post=2117"}],"version-history":[{"count":3,"href":"https:\/\/www.euroauto.si\/index.php?rest_route=\/wp\/v2\/pages\/2117\/revisions"}],"predecessor-version":[{"id":2125,"href":"https:\/\/www.euroauto.si\/index.php?rest_route=\/wp\/v2\/pages\/2117\/revisions\/2125"}],"wp:attachment":[{"href":"https:\/\/www.euroauto.si\/index.php?rest_route=%2Fwp%2Fv2%2Fmedia&parent=2117"}],"curies":[{"name":"wp","href":"https:\/\/api.w.org\/{rel}","templated":true}]}}