{"id":495,"date":"2020-05-26T03:50:04","date_gmt":"2020-05-26T01:50:04","guid":{"rendered":"http:\/\/localhost\/dotted\/?page_id=495"},"modified":"2021-11-18T18:01:25","modified_gmt":"2021-11-18T17:01:25","slug":"about-us","status":"publish","type":"page","link":"https:\/\/www.euroauto.si\/?page_id=495","title":{"rendered":"O nas"},"content":{"rendered":"<div class=\"wpb-content-wrapper\"><p>[vc_row][vc_column offset=&#8221;vc_col-md-7&#8243;][vc_custom_heading text=&#8221;O podjetju EUROAUTO&#8221; font_container=&#8221;tag:h3|text_align:left&#8221; use_theme_fonts=&#8221;yes&#8221; css=&#8221;.vc_custom_1598616000787{margin-bottom: 20px !important;}&#8221;][vc_column_text css=&#8221;.vc_custom_1613999319181{margin-bottom: 20px !important;}&#8221;]<\/p>\n<p style=\"margin: 0in; font-family: Calibri; font-size: 11.0pt;\"><span lang=\"sl\">Podjetje Euroauto je distributer za svetovno priznane blagovne znamke s podro\u010dja rezervnih delov za vsa vozila. Najve\u010dje med njimi so Banner Battery, Brigade Electronics, Valvoline, RiaTec, Safholland, Odibi <\/span><span lang=\"sl\">ter drugi.<\/span><\/p>\n<p style=\"margin: 0in; font-family: Calibri; font-size: 11.0pt;\">Izdelke, ki jih zastopa podjetje Euroauto, je mo\u010d kupiti neposredno s poslanim povpra\u0161evanjem na elektronski naslov podjetja ali pa preko spletne trgovine <a href=\"https:\/\/trgovina.euroauto.si\" target=\"_blank\" rel=\"noopener\">Euroauta<\/a>.<\/p>\n<ul class=\"feature\">\n<li><i class=\"fa fa-check-circle color-theme\"><\/i> HITRA DOSTAVA<\/li>\n<li><i class=\"fa fa-check-circle color-theme\"><\/i> PO\u0160TENOST<\/li>\n<li><i class=\"fa fa-check-circle color-theme\"><\/i> TRANSPARENTNOST<\/li>\n<li><i class=\"fa fa-check-circle color-theme\"><\/i> ZADOVOLJNE STRANKE<\/li>\n<li><i class=\"fa fa-check-circle color-theme\"><\/i> 24 IN VE\u010c LET NA TRGU<\/li>\n<li><i class=\"fa fa-check-circle color-theme\"><\/i> IN MNOGO VE\u010c&#8230;<\/li>\n<\/ul>\n<p>[\/vc_column_text]\n    <a class=\"ot-btn  btn-rounded btn-main-color\" href=\"#\" target=\"_self\">DISCOVER MORE <i class=\"fa fa-chevron-circle-right\"><\/i><\/a>  \t\n[\/vc_column][vc_column offset=&#8221;vc_col-md-5&#8243;][vc_tta_accordion shape=&#8221;square&#8221; c_icon=&#8221;&#8221; active_section=&#8221;1&#8243; collapsible_all=&#8221;true&#8221;][vc_tta_section title=&#8221;Poslanstvo&#8221; tab_id=&#8221;1476169791606-a9adbbb5-53e3&#8243;][vc_column_text]Na\u0161e poslanstvo je zadovoljiti kupce z odli\u010dno storitvijo, z visoko kakovostnimi rezervnimi deli in s konkuren\u010dnimi cenami.<\/p>\n<p>\u017delimo ostati hitro povezujo\u010de in dobro organizirano podjetje, ki temelji na odgovornem odnostu s poslovnimi partnerji ter strankami.[\/vc_column_text][\/vc_tta_section][vc_tta_section title=&#8221;Vizija&#8221; tab_id=&#8221;1476171642647-40d1f953-b0cf&#8221;][vc_column_text]V Kopru in okolici smo zelo dobro prepoznavni in to prepoznavnost \u017eelimo raz\u0161iriti tudi drugje po Sloveniji. Prepoznavni smo po nizkih cenah, hitri dostavi in kakovostnih izdelkih.[\/vc_column_text][\/vc_tta_section][vc_tta_section title=&#8221;Vrednote&#8221; tab_id=&#8221;1476171658056-da1bf0b3-6565&#8243;][vc_column_text]Povezovanje, dobro sodelovanje ter medsebojno zaupanje s partnerji in proizvajalci.[\/vc_column_text][\/vc_tta_section][\/vc_tta_accordion][\/vc_column][\/vc_row]<\/p>\n<\/div>","protected":false},"excerpt":{"rendered":"<p>[vc_row][vc_column offset=&#8221;vc_col-md-7&#8243;][vc_custom_heading text=&#8221;O podjetju EUROAUTO&#8221; font_container=&#8221;tag:h3|text_align:left&#8221; use_theme_fonts=&#8221;yes&#8221; css=&#8221;.vc_custom_1598616000787{margin-bottom: 20px !important;}&#8221;][vc_column_text css=&#8221;.vc_custom_1613999319181{margin-bottom: 20px !important;}&#8221;] Podjetje Euroauto je distributer za svetovno priznane blagovne znamke s podro\u010dja rezervnih delov za vsa vozila. Najve\u010dje med njimi so Banner Battery, Brigade Electronics, Valvoline, RiaTec, Safholland, Odibi ter drugi. Izdelke, ki jih zastopa podjetje Euroauto, je mo\u010d kupiti neposredno s poslanim [&hellip;]<\/p>\n","protected":false},"author":1,"featured_media":0,"parent":0,"menu_order":0,"comment_status":"closed","ping_status":"closed","template":"page-templates\/template-fullwidth.php","meta":{"footnotes":""},"class_list":["post-495","page","type-page","status-publish","hentry"],"_links":{"self":[{"href":"https:\/\/www.euroauto.si\/index.php?rest_route=\/wp\/v2\/pages\/495","targetHints":{"allow":["GET"]}}],"collection":[{"href":"https:\/\/www.euroauto.si\/index.php?rest_route=\/wp\/v2\/pages"}],"about":[{"href":"https:\/\/www.euroauto.si\/index.php?rest_route=\/wp\/v2\/types\/page"}],"author":[{"embeddable":true,"href":"https:\/\/www.euroauto.si\/index.php?rest_route=\/wp\/v2\/users\/1"}],"replies":[{"embeddable":true,"href":"https:\/\/www.euroauto.si\/index.php?rest_route=%2Fwp%2Fv2%2Fcomments&post=495"}],"version-history":[{"count":22,"href":"https:\/\/www.euroauto.si\/index.php?rest_route=\/wp\/v2\/pages\/495\/revisions"}],"predecessor-version":[{"id":1621,"href":"https:\/\/www.euroauto.si\/index.php?rest_route=\/wp\/v2\/pages\/495\/revisions\/1621"}],"wp:attachment":[{"href":"https:\/\/www.euroauto.si\/index.php?rest_route=%2Fwp%2Fv2%2Fmedia&parent=495"}],"curies":[{"name":"wp","href":"https:\/\/api.w.org\/{rel}","templated":true}]}}