{"id":569,"date":"2016-10-14T03:09:00","date_gmt":"2016-10-14T03:09:00","guid":{"rendered":"http:\/\/localhost\/dotted\/?page_id=569"},"modified":"2026-02-09T19:05:22","modified_gmt":"2026-02-09T18:05:22","slug":"home-page-2","status":"publish","type":"page","link":"https:\/\/www.euroauto.si\/","title":{"rendered":"Domov"},"content":{"rendered":"<div class=\"wpb-content-wrapper\"><p>[vc_row fullwidth=&#8221;yes&#8221; css=&#8221;.vc_custom_1477627657870{padding-top: 0px !important;padding-bottom: 0px !important;background-image: url(http:\/\/www.euroauto.si\/wp-content\/uploads\/2016\/10\/4-7.jpg?id=1141) !important;background-position: center !important;background-repeat: no-repeat !important;background-size: cover !important;}&#8221;][vc_column][layerslider_vc id=&#8221;1&#8243;][\/vc_column][\/vc_row][vc_row css=&#8221;.vc_custom_1476946878109{padding-top: 50px !important;padding-bottom: 50px !important;background-color: #f2f2f2 !important;}&#8221;][vc_column]\n\t\t\t<div class=\"call1 call-action\">\n\t\t\t<h3>Za ve\u010d informacij o izdelkih, ki jih ponujamo pogledate ``Na\u0161i partnerji`` ali po\u0161ljite sporo\u010dilo<\/h3>\n\t\t\t\t\t\t<a class=\"ot-btn btn-main-color btn-rounded text-up white-text\" href=\"http:\/\/www.euroauto.si\/?page_id=96\" target=\"_self\">Kontakt<\/a>\t\t<\/div>\n\t\n[\/vc_column][\/vc_row][vc_row][vc_column width=&#8221;1\/3&#8243; offset=&#8221;vc_col-md-4&#8243;]\n\t        <div class=\"iconbox iconbox-set-2\">\n\t\t\t<div class=\"icon-1\">\n\t\t\t\t<i class=\"far fa-calendar-check color-theme\" aria-hidden=\"true\"><\/i>\n\t\t\t<\/div>\n\t\t\t<h4 class=\"text-up\">30+ LET<\/h4>\n\t\t\t<p class=\"sub-text\">Na slovenskem tr\u017ei\u0161\u010du<\/p>\t\t\t<a class=\"ot-btn btn-main-color btn-rounded text-up\" href=\"http:\/\/www.euroauto.si\/?page_id=495\" target=\"_self\">Naprej <i class=\"fa fa-plus\" aria-hidden=\"true\"><\/i><\/a>\t\t<\/div>\n        \t\n[\/vc_column][vc_column width=&#8221;1\/3&#8243; offset=&#8221;vc_col-md-4&#8243;]\n\t        <div class=\"iconbox iconbox-set-2\">\n\t\t\t<div class=\"icon-1\">\n\t\t\t\t<i class=\"fas fa-dumpster color-theme\" aria-hidden=\"true\"><\/i>\n\t\t\t<\/div>\n\t\t\t<h4 class=\"text-up\">200+<\/h4>\n\t\t\t<p class=\"sub-text\">Blagonih znamk<\/p>\t\t\t<a class=\"ot-btn btn-main-color btn-rounded text-up\" href=\"http:\/\/www.euroauto.si\/?page_id=495\" target=\"_self\">Naprej <i class=\"fa fa-plus\" aria-hidden=\"true\"><\/i><\/a>\t\t<\/div>\n        \t\n[\/vc_column][vc_column width=&#8221;1\/3&#8243;]\n\t        <div class=\"iconbox iconbox-set-2\">\n\t\t\t<div class=\"icon-1\">\n\t\t\t\t<i class=\"fab fa-opencart color-theme\" aria-hidden=\"true\"><\/i>\n\t\t\t<\/div>\n\t\t\t<h4 class=\"text-up\">3000+<\/h4>\n\t\t\t<p class=\"sub-text\">Izdelkov na zalogi<\/p>\t\t\t<a class=\"ot-btn btn-main-color btn-rounded text-up\" href=\"https:\/\/trgovina.euroauto.si\/\" target=\"_self\">Naprej <i class=\"fa fa-plus\" aria-hidden=\"true\"><\/i><\/a>\t\t<\/div>\n        \t\n[\/vc_column][\/vc_row][vc_row css=&#8221;.vc_custom_1590655238348{background-color: #f2f2f2 !important;}&#8221;][vc_column]\t\n\t\t\t\t\t\t<div class=\"title-clients\">\n\t\t\t<h3 class=\"title-inline\">Na\u0161i partnerji<\/h3>\n\t\t\t<div class=\"customNavigation customNavigation-1\">\n\t            <a class=\"btn-1 prev-partner hover-border-theme hover-text-theme\"><i class=\"fa fa-chevron-left\"><\/i><\/a>\n\t            <a class=\"btn-1 next-partner hover-border-theme hover-text-theme\"><i class=\"fa fa-chevron-right\"><\/i><\/a>\n\t    \t<\/div><!-- End owl button -->\n\t\t<\/div>\n\t\t\t\t<div id=\"logos-69e7fe2946158\" class=\"owl-carousel owl-theme owl-partner \">\n\t\t\t            <div class=\"item\">\n                <div class=\"partner-item\">\n                \t                \t\t<img decoding=\"async\" src=\"https:\/\/www.euroauto.si\/wp-content\/uploads\/2020\/06\/banner.png\" alt=\"\">\n                \t                <\/div>\n            <\/div>\n                        <div class=\"item\">\n                <div class=\"partner-item\">\n                \t                \t\t<img decoding=\"async\" src=\"https:\/\/www.euroauto.si\/wp-content\/uploads\/2020\/06\/brigade.png\" alt=\"\">\n                \t                <\/div>\n            <\/div>\n                        <div class=\"item\">\n                <div class=\"partner-item\">\n                \t                \t\t<img decoding=\"async\" src=\"https:\/\/www.euroauto.si\/wp-content\/uploads\/2026\/02\/Magnatyres_partners.png\" alt=\"\">\n                \t                <\/div>\n            <\/div>\n                        <div class=\"item\">\n                <div class=\"partner-item\">\n                \t                \t\t<img decoding=\"async\" src=\"https:\/\/www.euroauto.si\/wp-content\/uploads\/2020\/06\/valvoline.png\" alt=\"\">\n                \t                <\/div>\n            <\/div>\n                        <div class=\"item\">\n                <div class=\"partner-item\">\n                \t                \t\t<img decoding=\"async\" src=\"https:\/\/www.euroauto.si\/wp-content\/uploads\/2020\/06\/odibi_1.png\" alt=\"\">\n                \t                <\/div>\n            <\/div>\n                        <div class=\"item\">\n                <div class=\"partner-item\">\n                \t                \t\t<img decoding=\"async\" src=\"https:\/\/www.euroauto.si\/wp-content\/uploads\/2026\/02\/Riatec_partners.png\" alt=\"\">\n                \t                <\/div>\n            <\/div>\n                    <\/div>\n        \n\t\t<script>\n\t\t\t(function($) { \"use strict\";\t\n\n\t\t\t\tvar $logos = $( \"#logos-69e7fe2946158\" );\n      \t\t\t$logos.owlCarousel({\n      \t\t\t\tautoPlay: true,\n      \t\t\t\titems : 4,\n      \t\t\t\titemsDesktop : [1200,4 - 1],\n      \t\t\t\titemsDesktopSmall     : [979,3],\n\t\t          \titemsTablet       : [768,2],\n\t\t          \titemsMobile       : [480,1],\n      \t\t\t\tpagination: false\n      \t\t\t});\n      \t\t\tvar logos2 = $(\"#logos-69e7fe2946158\");\n\t\t        \/\/ Custom Navigation Events\n\n\t\t        $(\"body\").on(\"click\",\".next-partner\",function(event){\n\t\t          logos2.trigger(\"owl.next\");\n\t\t        });\n\t\t        $(\"body\").on(\"click\",\".prev-partner\",function(event){\n\t\t          logos2.trigger(\"owl.prev\");\n\t\t        });\n\n\t\t\t})(jQuery); \n\t\t<\/script>\n\n[\/vc_column][\/vc_row][vc_row content_placement=&#8221;top&#8221; css=&#8221;.vc_custom_1592811400896{padding-bottom: 50px !important;}&#8221;][vc_column offset=&#8221;vc_col-md-8&#8243;][vc_tta_tabs shape=&#8221;square&#8221; spacing=&#8221;&#8221; active_section=&#8221;1&#8243; css=&#8221;.vc_custom_1477474552745{margin-bottom: 20px !important;}&#8221; el_class=&#8221;ot-tab&#8221;][vc_tta_section title=&#8221;Predstavitev podjetja&#8221; tab_id=&#8221;1476174098899-69bf0237-a417&#8243;][vc_row_inner][vc_column_inner offset=&#8221;vc_col-md-5&#8243;][vc_single_image image=&#8221;1143&#8243; img_size=&#8221;full&#8221;][\/vc_column_inner][vc_column_inner offset=&#8221;vc_col-md-7&#8243;][vc_column_text css=&#8221;.vc_custom_1770288072201{margin-top: 10px !important;}&#8221;]<\/p>\n<h3>Kdo smo?<\/h3>\n<p><span lang=\"sl\">Podjetje Euroauto je distributer za svetovno priznane blagovne znamke s podro\u010dja rezervnih delov za vsa vozila. Najve\u010dje med njimi so Banner Battery, Brigade Electronics, Magna Tyres, Valvoline, RiaTec, Safholland, Odibi <\/span><span lang=\"sl\">ter drugi.<\/span><\/p>\n<p>Izdelke, ki jih zastopa podjetje Euroauto, je mo\u010d kupiti neposredno s poslanim povpra\u0161evanjem na elektronski naslov podjetja.[\/vc_column_text][\/vc_column_inner][\/vc_row_inner][\/vc_tta_section][vc_tta_section title=&#8221;Zakaj izbrati nas&#8221; tab_id=&#8221;1476171880577-e5cc1dfc-6d75&#8243;][vc_row_inner][vc_column_inner offset=&#8221;vc_col-md-5&#8243;][vc_single_image img_size=&#8221;full&#8221; css=&#8221;.vc_custom_1637255468342{margin-top: 15px !important;}&#8221;][\/vc_column_inner][vc_column_inner offset=&#8221;vc_col-md-7&#8243;][vc_column_text css=&#8221;.vc_custom_1637255341944{margin-top: 10px !important;}&#8221;]<\/p>\n<h3>Zakaj izbrati nas?<\/h3>\n<p>Pri delu nas vodijo slede\u010de vrednote:<\/p>\n<ul>\n<li>prijaznost in pomo\u010d pri nakupu,<\/li>\n<li>profesionalnost<\/li>\n<li>kakovost storitve,<\/li>\n<li>zanesljivost in varnost,<\/li>\n<li>hitrost storitve,<\/li>\n<li>ugodne cene,<\/li>\n<li>dostava do vrat,<\/li>\n<li>kvaliteta izdelka<\/li>\n<\/ul>\n<p>Vse vrednote bomo vedno uresni\u010devali in veseli bomo tudi va\u0161e pomo\u010di pri tem. V kolikor imate kakr\u0161enkoli predlog za izbolj\u0161ave, pohvalo ali kritiko, nam to sporo\u010dite, saj nam to omogo\u010da, da lahko na\u0161e storitve \u0161e izbolj\u0161amo.[\/vc_column_text][\/vc_column_inner][\/vc_row_inner][\/vc_tta_section][vc_tta_section title=&#8221;S \u010dim se ukvarjamo&#8221; tab_id=&#8221;1476171880640-8f527319-5c78&#8243;][vc_row_inner][vc_column_inner offset=&#8221;vc_col-md-5&#8243;][vc_single_image img_size=&#8221;full&#8221; css=&#8221;.vc_custom_1637255461335{margin-top: 15px !important;}&#8221;][\/vc_column_inner][vc_column_inner offset=&#8221;vc_col-md-7&#8243;][vc_column_text css=&#8221;.vc_custom_1637255439937{margin-top: 10px !important;}&#8221;]<\/p>\n<h3>S \u010dim se ukvarjamo?<\/h3>\n<p>[\/vc_column_text][\/vc_column_inner][\/vc_row_inner][\/vc_tta_section][\/vc_tta_tabs][\/vc_column][\/vc_row]<\/p>\n<\/div>","protected":false},"excerpt":{"rendered":"<p>[vc_row fullwidth=&#8221;yes&#8221; css=&#8221;.vc_custom_1477627657870{padding-top: 0px !important;padding-bottom: 0px !important;background-image: url(http:\/\/www.euroauto.si\/wp-content\/uploads\/2016\/10\/4-7.jpg?id=1141) !important;background-position: center !important;background-repeat: no-repeat !important;background-size: cover !important;}&#8221;][vc_column][layerslider_vc id=&#8221;1&#8243;][\/vc_column][\/vc_row][vc_row css=&#8221;.vc_custom_1476946878109{padding-top: 50px !important;padding-bottom: 50px !important;background-color: #f2f2f2 !important;}&#8221;][vc_column][\/vc_column][\/vc_row][vc_row][vc_column width=&#8221;1\/3&#8243; offset=&#8221;vc_col-md-4&#8243;][\/vc_column][vc_column width=&#8221;1\/3&#8243; offset=&#8221;vc_col-md-4&#8243;][\/vc_column][vc_column width=&#8221;1\/3&#8243;][\/vc_column][\/vc_row][vc_row css=&#8221;.vc_custom_1590655238348{background-color: #f2f2f2 !important;}&#8221;][vc_column][\/vc_column][\/vc_row][vc_row content_placement=&#8221;top&#8221; css=&#8221;.vc_custom_1592811400896{padding-bottom: 50px !important;}&#8221;][vc_column offset=&#8221;vc_col-md-8&#8243;][vc_tta_tabs shape=&#8221;square&#8221; spacing=&#8221;&#8221; active_section=&#8221;1&#8243; css=&#8221;.vc_custom_1477474552745{margin-bottom: 20px !important;}&#8221; el_class=&#8221;ot-tab&#8221;][vc_tta_section title=&#8221;Predstavitev podjetja&#8221; tab_id=&#8221;1476174098899-69bf0237-a417&#8243;][vc_row_inner][vc_column_inner offset=&#8221;vc_col-md-5&#8243;][vc_single_image image=&#8221;1143&#8243; img_size=&#8221;full&#8221;][\/vc_column_inner][vc_column_inner offset=&#8221;vc_col-md-7&#8243;][vc_column_text css=&#8221;.vc_custom_1770288072201{margin-top: 10px !important;}&#8221;] Kdo smo? [&hellip;]<\/p>\n","protected":false},"author":1,"featured_media":0,"parent":0,"menu_order":0,"comment_status":"closed","ping_status":"closed","template":"page-templates\/template-canvas.php","meta":{"footnotes":""},"class_list":["post-569","page","type-page","status-publish","hentry"],"_links":{"self":[{"href":"https:\/\/www.euroauto.si\/index.php?rest_route=\/wp\/v2\/pages\/569","targetHints":{"allow":["GET"]}}],"collection":[{"href":"https:\/\/www.euroauto.si\/index.php?rest_route=\/wp\/v2\/pages"}],"about":[{"href":"https:\/\/www.euroauto.si\/index.php?rest_route=\/wp\/v2\/types\/page"}],"author":[{"embeddable":true,"href":"https:\/\/www.euroauto.si\/index.php?rest_route=\/wp\/v2\/users\/1"}],"replies":[{"embeddable":true,"href":"https:\/\/www.euroauto.si\/index.php?rest_route=%2Fwp%2Fv2%2Fcomments&post=569"}],"version-history":[{"count":64,"href":"https:\/\/www.euroauto.si\/index.php?rest_route=\/wp\/v2\/pages\/569\/revisions"}],"predecessor-version":[{"id":2131,"href":"https:\/\/www.euroauto.si\/index.php?rest_route=\/wp\/v2\/pages\/569\/revisions\/2131"}],"wp:attachment":[{"href":"https:\/\/www.euroauto.si\/index.php?rest_route=%2Fwp%2Fv2%2Fmedia&parent=569"}],"curies":[{"name":"wp","href":"https:\/\/api.w.org\/{rel}","templated":true}]}}